{"id":3294,"date":"2026-01-27T10:32:40","date_gmt":"2026-01-27T08:32:40","guid":{"rendered":"https:\/\/vorausrobotik.com\/?page_id=3294"},"modified":"2026-01-27T18:22:24","modified_gmt":"2026-01-27T16:22:24","slug":"white-paper-ki-agenten","status":"publish","type":"page","link":"https:\/\/vorausrobotik.com\/en\/white-paper-ki-agenten\/","title":{"rendered":"White Paper AI Agents"},"content":{"rendered":"\t\t<div data-elementor-type=\"wp-post\" data-elementor-id=\"3294\" class=\"elementor elementor-3294 elementor-3293\" data-elementor-post-type=\"page\">\n\t\t\t\t<div class=\"elementor-element elementor-element-bf661d5 e-flex e-con-boxed e-con e-parent\" data-id=\"bf661d5\" data-element_type=\"container\" data-e-type=\"container\" data-settings=\"{&quot;background_background&quot;:&quot;classic&quot;}\">\n\t\t\t\t\t<div class=\"e-con-inner\">\n\t\t<div class=\"elementor-element elementor-element-abe0f8b e-con-full e-flex e-con e-child\" data-id=\"abe0f8b\" data-element_type=\"container\" data-e-type=\"container\">\n\t\t\t\t<div class=\"elementor-element elementor-element-1452f40 elementor-position-left elementor-vertical-align-middle elementor-widget elementor-widget-image-box\" data-id=\"1452f40\" data-element_type=\"widget\" data-e-type=\"widget\" data-widget_type=\"image-box.default\">\n\t\t\t\t<div class=\"elementor-widget-container\">\n\t\t\t\t\t<div class=\"elementor-image-box-wrapper\"><figure class=\"elementor-image-box-img\"><img decoding=\"async\" width=\"18\" height=\"18\" src=\"https:\/\/vorausrobotik.com\/wp-content\/uploads\/2025\/02\/tagline.svg\" class=\"attachment-full size-full wp-image-2104\" alt=\"\" \/><\/figure><div class=\"elementor-image-box-content\"><h1 class=\"elementor-image-box-title\">White Paper<\/h1><\/div><\/div>\t\t\t\t<\/div>\n\t\t\t\t<\/div>\n\t\t\t\t<div class=\"elementor-element elementor-element-c9f5af3 elementor-widget elementor-widget-heading\" data-id=\"c9f5af3\" data-element_type=\"widget\" data-e-type=\"widget\" data-widget_type=\"heading.default\">\n\t\t\t\t<div class=\"elementor-widget-container\">\n\t\t\t\t\t<h2 class=\"elementor-heading-title elementor-size-default\">How great is the benefit of <span class=\"voraus-mark-wp\">AI in industrial automation<\/span> today and what are the requirements?<\/h2>\t\t\t\t<\/div>\n\t\t\t\t<\/div>\n\t\t\t\t<div class=\"elementor-element elementor-element-056d981 vlist elementor-widget elementor-widget-text-editor\" data-id=\"056d981\" data-element_type=\"widget\" data-e-type=\"widget\" id=\"introtext\" data-widget_type=\"text-editor.default\">\n\t\t\t\t<div class=\"elementor-widget-container\">\n\t\t\t\t\t\t\t\t\t<p>Generative AI is omnipresent in everyone&#8217;s professional environment. Of course, this also holds for industrial automation. However, there is often a gap between the bold promises and the real production environment.  <\/p><p><strong>We show that the right integration of AI agents for the optimization of a pick-and-place cell\u2026<\/strong><\/p><ul><li>leads to an increase in the pick rate (successful bag grabbing) to over 99 %<\/li><li>reduces the cycle time by more than 16 %<\/li><li>reduces the time for software development and deployment on the real system by up to 80 %<\/li><li>generates automatically tested software for robust process and system control<\/li><\/ul><p> <\/p><p>The white paper outlines the requirements for the efficient use of AI in industrial automation and discusses the current limitations.<\/p><p>Enter your email and gain instant, exclusive access to the full white paper.<\/p>\t\t\t\t\t\t\t\t<\/div>\n\t\t\t\t<\/div>\n\t\t\t\t<div class=\"elementor-element elementor-element-a878547 elementor-widget elementor-widget-shortcode\" data-id=\"a878547\" data-element_type=\"widget\" data-e-type=\"widget\" data-widget_type=\"shortcode.default\">\n\t\t\t\t<div class=\"elementor-widget-container\">\n\t\t\t\t\t\t\t<div class=\"elementor-shortcode\">\n<div class=\"wpcf7 no-js\" id=\"wpcf7-f3304-o1\" lang=\"en-US\" dir=\"ltr\" data-wpcf7-id=\"3304\">\n<div class=\"screen-reader-response\"><p role=\"status\" aria-live=\"polite\" aria-atomic=\"true\"><\/p> <ul><\/ul><\/div>\n<form action=\"\/en\/wp-json\/wp\/v2\/pages\/3294#wpcf7-f3304-o1\" method=\"post\" class=\"wpcf7-form init wpcf7-acceptance-as-validation\" aria-label=\"Contact form\" novalidate=\"novalidate\" data-status=\"init\">\n<fieldset class=\"hidden-fields-container\"><input type=\"hidden\" name=\"_wpcf7\" value=\"3304\" \/><input type=\"hidden\" name=\"_wpcf7_version\" value=\"6.1.5\" \/><input type=\"hidden\" name=\"_wpcf7_locale\" value=\"en_US\" \/><input type=\"hidden\" name=\"_wpcf7_unit_tag\" value=\"wpcf7-f3304-o1\" \/><input type=\"hidden\" name=\"_wpcf7_container_post\" value=\"0\" \/><input type=\"hidden\" name=\"_wpcf7_posted_data_hash\" value=\"\" \/>\n<\/fieldset>\n<div class=\"cf7-row\">\n\t<div class=\"cf7-wrapper typo-body typo-sm typo-sans\">\n\t\t<p><span class=\"wpcf7-form-control-wrap\" data-name=\"c-first-name\"><input size=\"40\" maxlength=\"400\" class=\"wpcf7-form-control wpcf7-text\" id=\"contact-first-name\" autocomplete=\"given-name\" aria-invalid=\"false\" placeholder=\"Vorname*\" value=\"\" type=\"text\" name=\"c-first-name\" \/><\/span>\n\t\t<\/p>\n\t<\/div>\n\t<div class=\"cf7-wrapper typo-body typo-sm typo-sans\">\n\t\t<p><span class=\"wpcf7-form-control-wrap\" data-name=\"c-last-name\"><input size=\"40\" maxlength=\"400\" class=\"wpcf7-form-control wpcf7-text\" id=\"contact-last-name\" autocomplete=\"family-name\" aria-invalid=\"false\" placeholder=\"Nachname*\" value=\"\" type=\"text\" name=\"c-last-name\" \/><\/span>\n\t\t<\/p>\n\t<\/div>\n<\/div>\n<div class=\"cf7-row\">\n\t<div class=\"cf7-wrapper typo-body typo-sm typo-sans\">\n\t\t<p><span class=\"wpcf7-form-control-wrap\" data-name=\"c-email\"><input size=\"40\" maxlength=\"400\" class=\"wpcf7-form-control wpcf7-email wpcf7-validates-as-required wpcf7-text wpcf7-validates-as-email\" id=\"contact-email\" autocomplete=\"email\" aria-required=\"true\" aria-invalid=\"false\" placeholder=\"E-Mail*\" value=\"\" type=\"email\" name=\"c-email\" \/><\/span>\n\t\t<\/p>\n\t<\/div>\n<\/div>\n<div class=\"cf7-row\">\n\t<div class=\"cf7-wrapper1\">\n\t\t<p><span class=\"cf7-checkbox typo-body typo-2xs typo-mono\"><span class=\"wpcf7-form-control-wrap\" data-name=\"c-acceptance\"><span class=\"wpcf7-form-control wpcf7-acceptance\"><span class=\"wpcf7-list-item\"><label><input type=\"checkbox\" name=\"c-acceptance\" value=\"1\" aria-invalid=\"false\" \/><span class=\"wpcf7-list-item-label\">Ich akzeptiere die Datenschutzerkl\u00e4rung*<\/span><\/label><\/span><\/span><\/span><\/span>\n\t\t<\/p>\n\t<\/div>\n<\/div>\n<div class=\"cf7-row\">\n\t<div class=\"cf7-wrapper1\">\n\t\t<p><span class=\"cf7-info typo-body typo-2xs typo-mono\">*Pflichtfelder<\/span>\n\t\t<\/p>\n\t<\/div>\n<\/div>\n<p><span class=\"wpcf7-form-control-wrap kc_captcha\" data-name=\"kc_captcha\"><span class=\"wpcf7-form-control wpcf7-radio\"><span class=\"captcha-image\" ><span class=\"cf7ic_instructions\">Please prove you are human by selecting the<span> star<\/span>.<\/span><label><input aria-label=\"1\" type=\"radio\" name=\"kc_captcha\" value=\"kc_human\" \/><svg aria-hidden=\"true\" role=\"img\" xmlns=\"http:\/\/www.w3.org\/2000\/svg\" viewBox=\"0 0 576 512\"><path fill=\"currentColor\" d=\"M259 18l-65 132-146 22c-26 3-37 36-18 54l106 103-25 146c-5 26 23 46 46 33l131-68 131 68c23 13 51-7 46-33l-25-146 106-103c19-18 8-51-18-54l-146-22-65-132a32 32 0 00-58 0z\"\/><\/svg><\/label><label><input aria-label=\"2\" type=\"radio\" name=\"kc_captcha\" value=\"bot\" \/><svg aria-hidden=\"true\" role=\"img\" xmlns=\"http:\/\/www.w3.org\/2000\/svg\" viewBox=\"0 0 512 512\"><path fill=\"currentColor\" d=\"M500 168h-55l-8-21a127 127 0 00-120-83H195a127 127 0 00-120 83l-8 21H12c-8 0-14 8-11 16l8 24a12 12 0 0011 8h29a64 64 0 00-33 56v48c0 16 6 31 16 42v62c0 13 11 24 24 24h48c13 0 24-11 24-24v-40h256v40c0 13 11 24 24 24h48c13 0 24-11 24-24v-62c10-11 16-26 16-42v-48c0-24-13-45-33-56h29a12 12 0 0011-8l8-24c3-8-3-16-11-16zm-365 2c9-25 33-42 60-42h122c27 0 51 17 60 42l15 38H120l15-38zM88 328a32 32 0 010-64c18 0 48 30 48 48s-30 16-48 16zm336 0c-18 0-48 2-48-16s30-48 48-48 32 14 32 32-14 32-32 32z\"\/><\/svg><\/label><label><input aria-label=\"3\" type=\"radio\" name=\"kc_captcha\" value=\"bot\" \/><svg aria-hidden=\"true\" role=\"img\" xmlns=\"http:\/\/www.w3.org\/2000\/svg\" viewBox=\"0 0 640 512\"><path fill=\"currentColor\" d=\"M624 352h-16V244c0-13-5-25-14-34L494 110c-9-9-21-14-34-14h-44V48c0-26-21-48-48-48H48C22 0 0 22 0 48v320c0 27 22 48 48 48h16a96 96 0 00192 0h128a96 96 0 00192 0h48c9 0 16-7 16-16v-32c0-9-7-16-16-16zM160 464a48 48 0 110-96 48 48 0 010 96zm320 0a48 48 0 110-96 48 48 0 010 96zm80-208H416V144h44l100 100v12z\"\/><\/svg><\/label>\r\n    <\/span>\r\n    <span style=\"display:none\">\r\n        <input type=\"text\" name=\"kc_honeypot\">\r\n    <\/span><\/span><\/span>\n<\/p>\n<div class=\"cf7-submit button-group primary typo-body typo-sm typo-sans\">\n\t<p><input class=\"wpcf7-form-control wpcf7-submit has-spinner button\" type=\"submit\" value=\"Senden\" \/><i class=\"icon icon-expression-right\"><\/i>\n\t<\/p>\n<\/div><div class=\"wpcf7-response-output\" aria-hidden=\"true\"><\/div>\n<\/form>\n<\/div>\n<\/div>\n\t\t\t\t\t\t<\/div>\n\t\t\t\t<\/div>\n\t\t\t\t<div class=\"elementor-element elementor-element-8662c93 elementor-position-left elementor-vertical-align-middle scrollhint elementor-hidden-tablet elementor-hidden-mobile elementor-widget elementor-widget-image-box\" data-id=\"8662c93\" data-element_type=\"widget\" data-e-type=\"widget\" data-widget_type=\"image-box.default\">\n\t\t\t\t<div class=\"elementor-widget-container\">\n\t\t\t\t\t<div class=\"elementor-image-box-wrapper\"><figure class=\"elementor-image-box-img\"><a href=\"https:\/\/vorausrobotik.com\/en\/downloads-en\/\" tabindex=\"-1\"><img decoding=\"async\" width=\"18\" height=\"18\" src=\"https:\/\/vorausrobotik.com\/wp-content\/uploads\/2025\/02\/tagline.svg\" class=\"attachment-full size-full wp-image-2104\" alt=\"\" \/><\/a><\/figure><div class=\"elementor-image-box-content\"><h1 class=\"elementor-image-box-title\"><a href=\"https:\/\/vorausrobotik.com\/en\/downloads-en\/\">Back to Downloads<\/a><\/h1><\/div><\/div>\t\t\t\t<\/div>\n\t\t\t\t<\/div>\n\t\t\t\t<\/div>\n\t\t<div class=\"elementor-element elementor-element-e9241f2 e-con-full e-flex e-con e-child\" data-id=\"e9241f2\" data-element_type=\"container\" data-e-type=\"container\">\n\t\t<div class=\"elementor-element elementor-element-ad858ec e-con-full e-flex e-con e-child\" data-id=\"ad858ec\" data-element_type=\"container\" data-e-type=\"container\">\n\t\t\t\t<div class=\"elementor-element elementor-element-bc70600 elementor-widget-tablet__width-inherit elementor-widget-mobile__width-inherit elementor-widget elementor-widget-html\" data-id=\"bc70600\" data-element_type=\"widget\" data-e-type=\"widget\" data-widget_type=\"html.default\">\n\t\t\t\t<div class=\"elementor-widget-container\">\n\t\t\t\t\t<script>document.addEventListener('wpcf7mailsent', function(event) {\n\n    \/\/ Formular ausblenden (falls gew\u00fcnscht)\n    event.target.style.display = 'none';\n    \n   \n    const introelement = document.getElementById(\"introtext\");\n    if (introelement) {\n        introelement.style.display = \"none\";\n    }\n\n    \/\/ Container f\u00fcr die Erfolgsmeldung erstellen\n    const msg = document.createElement('div');\n    msg.classList.add('cf7-download-message');\n\n    \/\/ Inhalt per JS erzeugen \u2014 erscheint NICHT im HTML vor dem Abschicken\n    msg.innerHTML = `\n        <h4>Dein Whitepaper \u201eKI Agenten in der Automatisierung\u201c \u2013\njetzt herunterladen<\/h4><p>Vielen Dank f\u00fcr Dein Interesse an unserem Whitepaper. Du hast jetzt Zugriff auf das vollst\u00e4ndige Dokument.<\/p><p><strong><a href=\"https:\/\/vorausrobotik.com\/wp-content\/uploads\/2026\/01\/KI-Agenten-in-der-Automatisierung-White-Paper.pdf\" target=\"_blank\"><img decoding=\"async\" width=\"18\" height=\"18\" src=\"https:\/\/vorausrobotik.com\/wp-content\/uploads\/2025\/02\/tagline.svg\" class=\"attachment-full size-full wp-image-272\" alt=\"\" style=\"margin-right:15px;\">Hier geht\u2019s zum Download.<\/a><\/strong><\/p><p>Wenn Du Fragen hast oder \u00fcber konkrete Anwendungsf\u00e4lle sprechen m\u00f6chtest, melde Dich jederzeit gern direkt bei uns.<\/p><p>Beste Gr\u00fc\u00dfe,<\/p><p><strong>Tobias Ortmaier<\/strong><br\/>tobias.ortmaier@vorausrobotik.com\n    `;\n\n    \/\/ Nachricht unterhalb des Formulars einf\u00fcgen\n    event.target.parentNode.appendChild(msg);\n\n}, false);\n    \n<\/script>\t\t\t\t<\/div>\n\t\t\t\t<\/div>\n\t\t\t\t<\/div>\n\t\t\t\t<\/div>\n\t\t\t\t\t<\/div>\n\t\t\t\t<\/div>\n\t\t<div class=\"elementor-element elementor-element-70243cc e-flex e-con-boxed e-con e-parent\" data-id=\"70243cc\" data-element_type=\"container\" data-e-type=\"container\" data-settings=\"{&quot;background_background&quot;:&quot;classic&quot;}\">\n\t\t\t\t\t<div class=\"e-con-inner\">\n\t\t<div class=\"elementor-element elementor-element-3f77488 e-con-full e-flex e-con e-child\" data-id=\"3f77488\" data-element_type=\"container\" data-e-type=\"container\">\n\t\t\t\t<div class=\"elementor-element elementor-element-af4892b elementor-widget elementor-widget-image\" data-id=\"af4892b\" data-element_type=\"widget\" data-e-type=\"widget\" data-widget_type=\"image.default\">\n\t\t\t\t<div class=\"elementor-widget-container\">\n\t\t\t\t\t\t\t\t\t\t\t\t\t\t\t<img decoding=\"async\" src=\"https:\/\/vorausrobotik.com\/wp-content\/uploads\/2025\/02\/corner.svg\" title=\"corner\" alt=\"corner\" loading=\"lazy\" \/>\t\t\t\t\t\t\t\t\t\t\t\t\t\t\t<\/div>\n\t\t\t\t<\/div>\n\t\t\t\t<div class=\"elementor-element elementor-element-c3e9df6 elementor-widget elementor-widget-heading\" data-id=\"c3e9df6\" data-element_type=\"widget\" data-e-type=\"widget\" data-widget_type=\"heading.default\">\n\t\t\t\t<div class=\"elementor-widget-container\">\n\t\t\t\t\t<h2 class=\"elementor-heading-title elementor-size-default\">Anything missing?<\/h2>\t\t\t\t<\/div>\n\t\t\t\t<\/div>\n\t\t\t\t<div class=\"elementor-element elementor-element-eb422cd elementor-widget elementor-widget-text-editor\" data-id=\"eb422cd\" data-element_type=\"widget\" data-e-type=\"widget\" data-widget_type=\"text-editor.default\">\n\t\t\t\t<div class=\"elementor-widget-container\">\n\t\t\t\t\t\t\t\t\t<p>Give us a call or send us an email.<\/p>\t\t\t\t\t\t\t\t<\/div>\n\t\t\t\t<\/div>\n\t\t<div class=\"elementor-element elementor-element-522c014 e-con-full e-flex e-con e-child\" data-id=\"522c014\" data-element_type=\"container\" data-e-type=\"container\">\n\t\t<div class=\"elementor-element elementor-element-a62bf08 e-con-full e-flex e-con e-child\" data-id=\"a62bf08\" data-element_type=\"container\" data-e-type=\"container\">\n\t\t\t\t<div class=\"elementor-element elementor-element-21f543f elementor-widget elementor-widget-text-editor\" data-id=\"21f543f\" data-element_type=\"widget\" data-e-type=\"widget\" data-widget_type=\"text-editor.default\">\n\t\t\t\t<div class=\"elementor-widget-container\">\n\t\t\t\t\t\t\t\t\t<p>info@vorausrobotik.com<br>+49 511 89810 600<\/p>\t\t\t\t\t\t\t\t<\/div>\n\t\t\t\t<\/div>\n\t\t\t\t<\/div>\n\t\t<div class=\"elementor-element elementor-element-34cc637 e-con-full e-flex e-con e-child\" data-id=\"34cc637\" data-element_type=\"container\" data-e-type=\"container\">\n\t\t\t\t<div class=\"elementor-element elementor-element-a9dc336 elementor-widget elementor-widget-text-editor\" data-id=\"a9dc336\" data-element_type=\"widget\" data-e-type=\"widget\" data-widget_type=\"text-editor.default\">\n\t\t\t\t<div class=\"elementor-widget-container\">\n\t\t\t\t\t\t\t\t\t<p>Monday to Friday <br>08.00 &#8211; 16:00 (CET)<\/p>\t\t\t\t\t\t\t\t<\/div>\n\t\t\t\t<\/div>\n\t\t\t\t<\/div>\n\t\t<div class=\"elementor-element elementor-element-ca375a0 e-con-full e-flex e-con e-child\" data-id=\"ca375a0\" data-element_type=\"container\" data-e-type=\"container\">\n\t\t\t\t<div class=\"elementor-element elementor-element-e6c3b22 elementor-align-center hero-content-bottom elementor-widget elementor-widget-button\" data-id=\"e6c3b22\" data-element_type=\"widget\" data-e-type=\"widget\" data-widget_type=\"button.default\">\n\t\t\t\t<div class=\"elementor-widget-container\">\n\t\t\t\t\t\t\t\t\t<div class=\"elementor-button-wrapper\">\n\t\t\t\t\t<a class=\"elementor-button elementor-button-link elementor-size-sm\" href=\"https:\/\/vorausrobotik.com\/en\/contact\/\">\n\t\t\t\t\t\t<span class=\"elementor-button-content-wrapper\">\n\t\t\t\t\t\t<span class=\"elementor-button-icon\">\n\t\t\t\t<svg xmlns=\"http:\/\/www.w3.org\/2000\/svg\" width=\"36\" height=\"36\" viewBox=\"0 0 36 36\" fill=\"none\"><path d=\"M6 10.5H11L18 18L11 25.5H6\" stroke=\"black\" stroke-width=\"2.25\" stroke-linecap=\"round\"><\/path><path d=\"M18 10.5H23L30 18L23 25.5H18\" stroke=\"black\" stroke-width=\"2.25\" stroke-linecap=\"round\"><\/path><\/svg>\t\t\t<\/span>\n\t\t\t\t\t\t\t\t\t<span class=\"elementor-button-text\">Contact<\/span>\n\t\t\t\t\t<\/span>\n\t\t\t\t\t<\/a>\n\t\t\t\t<\/div>\n\t\t\t\t\t\t\t\t<\/div>\n\t\t\t\t<\/div>\n\t\t\t\t<\/div>\n\t\t\t\t<\/div>\n\t\t\t\t<div class=\"elementor-element elementor-element-ba16651 e-transform elementor-widget elementor-widget-image\" data-id=\"ba16651\" data-element_type=\"widget\" data-e-type=\"widget\" data-settings=\"{&quot;_transform_rotateZ_effect&quot;:{&quot;unit&quot;:&quot;px&quot;,&quot;size&quot;:180,&quot;sizes&quot;:[]},&quot;_transform_rotateZ_effect_tablet&quot;:{&quot;unit&quot;:&quot;deg&quot;,&quot;size&quot;:&quot;&quot;,&quot;sizes&quot;:[]},&quot;_transform_rotateZ_effect_mobile&quot;:{&quot;unit&quot;:&quot;deg&quot;,&quot;size&quot;:&quot;&quot;,&quot;sizes&quot;:[]}}\" data-widget_type=\"image.default\">\n\t\t\t\t<div class=\"elementor-widget-container\">\n\t\t\t\t\t\t\t\t\t\t\t\t\t\t\t<img decoding=\"async\" src=\"https:\/\/vorausrobotik.com\/wp-content\/uploads\/2025\/02\/corner.svg\" title=\"corner\" alt=\"corner\" loading=\"lazy\" \/>\t\t\t\t\t\t\t\t\t\t\t\t\t\t\t<\/div>\n\t\t\t\t<\/div>\n\t\t\t\t<\/div>\n\t\t\t\t\t<\/div>\n\t\t\t\t<\/div>\n\t\t\t\t<\/div>\n\t\t","protected":false},"excerpt":{"rendered":"<p>Everything you need to know about voraus<\/p>\n","protected":false},"author":1,"featured_media":0,"parent":0,"menu_order":0,"comment_status":"closed","ping_status":"closed","template":"","meta":{"footnotes":""},"class_list":["post-3294","page","type-page","status-publish","hentry"],"yoast_head":"<!-- This site is optimized with the Yoast SEO plugin v27.3 - https:\/\/yoast.com\/product\/yoast-seo-wordpress\/ -->\n<title>White Paper AI Agents - voraus.robotik<\/title>\n<meta name=\"robots\" content=\"index, follow, max-snippet:-1, max-image-preview:large, max-video-preview:-1\" \/>\n<link rel=\"canonical\" href=\"https:\/\/vorausrobotik.com\/en\/white-paper-ki-agenten\/\" \/>\n<meta property=\"og:locale\" content=\"en_US\" \/>\n<meta property=\"og:type\" content=\"article\" \/>\n<meta property=\"og:title\" content=\"White Paper AI Agents - voraus.robotik\" \/>\n<meta property=\"og:description\" content=\"Everything you need to know about voraus\" \/>\n<meta property=\"og:url\" content=\"https:\/\/vorausrobotik.com\/en\/white-paper-ki-agenten\/\" \/>\n<meta property=\"og:site_name\" content=\"voraus.robotik\" \/>\n<meta property=\"article:modified_time\" content=\"2026-01-27T16:22:24+00:00\" \/>\n<meta name=\"twitter:card\" content=\"summary_large_image\" \/>\n<meta name=\"twitter:label1\" content=\"Est. reading time\" \/>\n\t<meta name=\"twitter:data1\" content=\"2 minutes\" \/>\n<script type=\"application\/ld+json\" class=\"yoast-schema-graph\">{\"@context\":\"https:\\\/\\\/schema.org\",\"@graph\":[{\"@type\":\"WebPage\",\"@id\":\"https:\\\/\\\/vorausrobotik.com\\\/en\\\/white-paper-ki-agenten\\\/\",\"url\":\"https:\\\/\\\/vorausrobotik.com\\\/en\\\/white-paper-ki-agenten\\\/\",\"name\":\"White Paper AI Agents - voraus.robotik\",\"isPartOf\":{\"@id\":\"https:\\\/\\\/vorausrobotik.com\\\/#website\"},\"primaryImageOfPage\":{\"@id\":\"https:\\\/\\\/vorausrobotik.com\\\/en\\\/white-paper-ki-agenten\\\/#primaryimage\"},\"image\":{\"@id\":\"https:\\\/\\\/vorausrobotik.com\\\/en\\\/white-paper-ki-agenten\\\/#primaryimage\"},\"thumbnailUrl\":\"https:\\\/\\\/vorausrobotik.com\\\/wp-content\\\/uploads\\\/2025\\\/02\\\/tagline.svg\",\"datePublished\":\"2026-01-27T08:32:40+00:00\",\"dateModified\":\"2026-01-27T16:22:24+00:00\",\"breadcrumb\":{\"@id\":\"https:\\\/\\\/vorausrobotik.com\\\/en\\\/white-paper-ki-agenten\\\/#breadcrumb\"},\"inLanguage\":\"en-US\",\"potentialAction\":[{\"@type\":\"ReadAction\",\"target\":[\"https:\\\/\\\/vorausrobotik.com\\\/en\\\/white-paper-ki-agenten\\\/\"]}]},{\"@type\":\"ImageObject\",\"inLanguage\":\"en-US\",\"@id\":\"https:\\\/\\\/vorausrobotik.com\\\/en\\\/white-paper-ki-agenten\\\/#primaryimage\",\"url\":\"https:\\\/\\\/vorausrobotik.com\\\/wp-content\\\/uploads\\\/2025\\\/02\\\/tagline.svg\",\"contentUrl\":\"https:\\\/\\\/vorausrobotik.com\\\/wp-content\\\/uploads\\\/2025\\\/02\\\/tagline.svg\"},{\"@type\":\"BreadcrumbList\",\"@id\":\"https:\\\/\\\/vorausrobotik.com\\\/en\\\/white-paper-ki-agenten\\\/#breadcrumb\",\"itemListElement\":[{\"@type\":\"ListItem\",\"position\":1,\"name\":\"Home\",\"item\":\"https:\\\/\\\/vorausrobotik.com\\\/\"},{\"@type\":\"ListItem\",\"position\":2,\"name\":\"White Paper AI Agents\"}]},{\"@type\":\"WebSite\",\"@id\":\"https:\\\/\\\/vorausrobotik.com\\\/#website\",\"url\":\"https:\\\/\\\/vorausrobotik.com\\\/\",\"name\":\"voraus.robotik\",\"description\":\"your automation. our software. no limits.\",\"publisher\":{\"@id\":\"https:\\\/\\\/vorausrobotik.com\\\/#organization\"},\"potentialAction\":[{\"@type\":\"SearchAction\",\"target\":{\"@type\":\"EntryPoint\",\"urlTemplate\":\"https:\\\/\\\/vorausrobotik.com\\\/?s={search_term_string}\"},\"query-input\":{\"@type\":\"PropertyValueSpecification\",\"valueRequired\":true,\"valueName\":\"search_term_string\"}}],\"inLanguage\":\"en-US\"},{\"@type\":\"Organization\",\"@id\":\"https:\\\/\\\/vorausrobotik.com\\\/#organization\",\"name\":\"voraus robotik GmbH\",\"url\":\"https:\\\/\\\/vorausrobotik.com\\\/\",\"logo\":{\"@type\":\"ImageObject\",\"inLanguage\":\"en-US\",\"@id\":\"https:\\\/\\\/vorausrobotik.com\\\/#\\\/schema\\\/logo\\\/image\\\/\",\"url\":\"https:\\\/\\\/vorausrobotik.com\\\/wp-content\\\/uploads\\\/2025\\\/02\\\/logo-light-gradient.svg\",\"contentUrl\":\"https:\\\/\\\/vorausrobotik.com\\\/wp-content\\\/uploads\\\/2025\\\/02\\\/logo-light-gradient.svg\",\"width\":191,\"height\":24,\"caption\":\"voraus robotik GmbH\"},\"image\":{\"@id\":\"https:\\\/\\\/vorausrobotik.com\\\/#\\\/schema\\\/logo\\\/image\\\/\"}}]}<\/script>\n<!-- \/ Yoast SEO plugin. -->","yoast_head_json":{"title":"White Paper AI Agents - voraus.robotik","robots":{"index":"index","follow":"follow","max-snippet":"max-snippet:-1","max-image-preview":"max-image-preview:large","max-video-preview":"max-video-preview:-1"},"canonical":"https:\/\/vorausrobotik.com\/en\/white-paper-ki-agenten\/","og_locale":"en_US","og_type":"article","og_title":"White Paper AI Agents - voraus.robotik","og_description":"Everything you need to know about voraus","og_url":"https:\/\/vorausrobotik.com\/en\/white-paper-ki-agenten\/","og_site_name":"voraus.robotik","article_modified_time":"2026-01-27T16:22:24+00:00","twitter_card":"summary_large_image","twitter_misc":{"Est. reading time":"2 minutes"},"schema":{"@context":"https:\/\/schema.org","@graph":[{"@type":"WebPage","@id":"https:\/\/vorausrobotik.com\/en\/white-paper-ki-agenten\/","url":"https:\/\/vorausrobotik.com\/en\/white-paper-ki-agenten\/","name":"White Paper AI Agents - voraus.robotik","isPartOf":{"@id":"https:\/\/vorausrobotik.com\/#website"},"primaryImageOfPage":{"@id":"https:\/\/vorausrobotik.com\/en\/white-paper-ki-agenten\/#primaryimage"},"image":{"@id":"https:\/\/vorausrobotik.com\/en\/white-paper-ki-agenten\/#primaryimage"},"thumbnailUrl":"https:\/\/vorausrobotik.com\/wp-content\/uploads\/2025\/02\/tagline.svg","datePublished":"2026-01-27T08:32:40+00:00","dateModified":"2026-01-27T16:22:24+00:00","breadcrumb":{"@id":"https:\/\/vorausrobotik.com\/en\/white-paper-ki-agenten\/#breadcrumb"},"inLanguage":"en-US","potentialAction":[{"@type":"ReadAction","target":["https:\/\/vorausrobotik.com\/en\/white-paper-ki-agenten\/"]}]},{"@type":"ImageObject","inLanguage":"en-US","@id":"https:\/\/vorausrobotik.com\/en\/white-paper-ki-agenten\/#primaryimage","url":"https:\/\/vorausrobotik.com\/wp-content\/uploads\/2025\/02\/tagline.svg","contentUrl":"https:\/\/vorausrobotik.com\/wp-content\/uploads\/2025\/02\/tagline.svg"},{"@type":"BreadcrumbList","@id":"https:\/\/vorausrobotik.com\/en\/white-paper-ki-agenten\/#breadcrumb","itemListElement":[{"@type":"ListItem","position":1,"name":"Home","item":"https:\/\/vorausrobotik.com\/"},{"@type":"ListItem","position":2,"name":"White Paper AI Agents"}]},{"@type":"WebSite","@id":"https:\/\/vorausrobotik.com\/#website","url":"https:\/\/vorausrobotik.com\/","name":"voraus.robotik","description":"your automation. our software. no limits.","publisher":{"@id":"https:\/\/vorausrobotik.com\/#organization"},"potentialAction":[{"@type":"SearchAction","target":{"@type":"EntryPoint","urlTemplate":"https:\/\/vorausrobotik.com\/?s={search_term_string}"},"query-input":{"@type":"PropertyValueSpecification","valueRequired":true,"valueName":"search_term_string"}}],"inLanguage":"en-US"},{"@type":"Organization","@id":"https:\/\/vorausrobotik.com\/#organization","name":"voraus robotik GmbH","url":"https:\/\/vorausrobotik.com\/","logo":{"@type":"ImageObject","inLanguage":"en-US","@id":"https:\/\/vorausrobotik.com\/#\/schema\/logo\/image\/","url":"https:\/\/vorausrobotik.com\/wp-content\/uploads\/2025\/02\/logo-light-gradient.svg","contentUrl":"https:\/\/vorausrobotik.com\/wp-content\/uploads\/2025\/02\/logo-light-gradient.svg","width":191,"height":24,"caption":"voraus robotik GmbH"},"image":{"@id":"https:\/\/vorausrobotik.com\/#\/schema\/logo\/image\/"}}]}},"_links":{"self":[{"href":"https:\/\/vorausrobotik.com\/en\/wp-json\/wp\/v2\/pages\/3294","targetHints":{"allow":["GET"]}}],"collection":[{"href":"https:\/\/vorausrobotik.com\/en\/wp-json\/wp\/v2\/pages"}],"about":[{"href":"https:\/\/vorausrobotik.com\/en\/wp-json\/wp\/v2\/types\/page"}],"author":[{"embeddable":true,"href":"https:\/\/vorausrobotik.com\/en\/wp-json\/wp\/v2\/users\/1"}],"replies":[{"embeddable":true,"href":"https:\/\/vorausrobotik.com\/en\/wp-json\/wp\/v2\/comments?post=3294"}],"version-history":[{"count":10,"href":"https:\/\/vorausrobotik.com\/en\/wp-json\/wp\/v2\/pages\/3294\/revisions"}],"predecessor-version":[{"id":3338,"href":"https:\/\/vorausrobotik.com\/en\/wp-json\/wp\/v2\/pages\/3294\/revisions\/3338"}],"wp:attachment":[{"href":"https:\/\/vorausrobotik.com\/en\/wp-json\/wp\/v2\/media?parent=3294"}],"curies":[{"name":"wp","href":"https:\/\/api.w.org\/{rel}","templated":true}]}}